{"id":13472,"date":"2018-04-05T15:41:00","date_gmt":"2018-04-05T12:41:00","guid":{"rendered":"http:\/\/deporafder.org\/?page_id=13472"},"modified":"2018-04-05T15:41:14","modified_gmt":"2018-04-05T12:41:14","slug":"videos","status":"publish","type":"page","link":"http:\/\/deporafder.org\/en\/videos\/","title":{"rendered":"Videos"},"content":{"rendered":"<p>[et_pb_section bb_built=&#8221;1&#8243; _builder_version=&#8221;3.0.106&#8243; background_image=&#8221;http:\/\/deporafder.org\/wp-content\/uploads\/2018\/03\/slider_videolar.jpg&#8221; background_blend=&#8221;darken&#8221; custom_padding=&#8221;54px|0px|0|0px&#8221; top_divider_color=&#8221;rgba(12,113,195,0.75)&#8221; bottom_divider_style=&#8221;slant&#8221; bottom_divider_color=&#8221;#ffffff&#8221; bottom_divider_height=&#8221;55px&#8221; animation_style=&#8221;fade&#8221; next_background_color=&#8221;#000000&#8243;][et_pb_row _builder_version=&#8221;3.0.106&#8243; background_size=&#8221;initial&#8221; background_position=&#8221;top_left&#8221; background_repeat=&#8221;repeat&#8221;][et_pb_column type=&#8221;1_2&#8243;][et_pb_text background_layout=&#8221;dark&#8221; _builder_version=&#8221;3.0.106&#8243; text_font=&#8221;Lato||||||||&#8221; text_line_height=&#8221;2em&#8221; header_font=&#8221;Open Sans Condensed||||||||&#8221; animation_style=&#8221;fade&#8221; inline_fonts=&#8221;Overpass,Vollkorn&#8221;]<\/p>\n<h1>videos<\/h1>\n<p>[\/et_pb_text][\/et_pb_column][et_pb_column type=&#8221;1_2&#8243;][et_pb_text background_layout=&#8221;dark&#8221; _builder_version=&#8221;3.0.106&#8243; custom_margin=&#8221;30px|||&#8221;]<\/p>\n<h4>Derne\u011fimizin YouTube kanal\u0131nda payla\u015ft\u0131\u011f\u0131 videolar\u0131 a\u011fa\u011f\u0131da bulabilirsiniz. L\u00fctfen abone olmay\u0131 unutmay\u0131n!<\/h4>\n<p>[\/et_pb_text][\/et_pb_column][\/et_pb_row][\/et_pb_section][et_pb_section bb_built=&#8221;1&#8243; fullwidth=&#8221;off&#8221; specialty=&#8221;off&#8221; prev_background_color=&#8221;#000000&#8243; _builder_version=&#8221;3.0.106&#8243; animation_style=&#8221;fade&#8221;][et_pb_row][et_pb_column type=&#8221;1_3&#8243;][et_pb_text _builder_version=&#8221;3.0.106&#8243; background_layout=&#8221;light&#8221;]<\/p>\n<p><a href=\"https:\/\/www.youtube.com\/watch?v=NdyxKklSDtw\"><img loading=\"lazy\" decoding=\"async\" class=\"alignnone size-full wp-image-628\" src=\"http:\/\/deporafder.org\/wp-content\/uploads\/2018\/03\/video_1_2.jpg\" alt=\"\" width=\"640\" height=\"480\" \/><\/a><\/p>\n<p>[\/et_pb_text][\/et_pb_column][et_pb_column type=&#8221;1_3&#8243;][et_pb_text _builder_version=&#8221;3.0.106&#8243; background_layout=&#8221;light&#8221;]<\/p>\n<p><a href=\"https:\/\/www.youtube.com\/watch?v=nsVLqlOfcHM\"><img loading=\"lazy\" decoding=\"async\" class=\"alignnone size-full wp-image-628\" src=\"http:\/\/deporafder.org\/wp-content\/uploads\/2018\/03\/video_2_2.jpg\" alt=\"\" width=\"640\" height=\"480\" \/><\/a><\/p>\n<p>[\/et_pb_text][\/et_pb_column][et_pb_column type=&#8221;1_3&#8243;][et_pb_text _builder_version=&#8221;3.0.106&#8243; background_layout=&#8221;light&#8221;]<\/p>\n<p><a href=\"https:\/\/www.youtube.com\/watch?v=z8bvxpA2lDQ\"><img loading=\"lazy\" decoding=\"async\" class=\"alignnone size-full wp-image-628\" src=\"http:\/\/deporafder.org\/wp-content\/uploads\/2018\/03\/video_3_2.jpg\" alt=\"\" width=\"640\" height=\"480\" \/><\/a><\/p>\n<p>[\/et_pb_text][\/et_pb_column][\/et_pb_row][et_pb_row][et_pb_column type=&#8221;1_3&#8243;][et_pb_text _builder_version=&#8221;3.0.106&#8243; background_layout=&#8221;light&#8221;]<\/p>\n<p><a href=\"https:\/\/www.youtube.com\/watch?v=A73DYssLVNQ\"><img loading=\"lazy\" decoding=\"async\" class=\"alignnone size-full wp-image-628\" src=\"http:\/\/deporafder.org\/wp-content\/uploads\/2018\/03\/video_4_2.jpg\" alt=\"\" width=\"640\" height=\"480\" \/><\/a><\/p>\n<p>[\/et_pb_text][\/et_pb_column][et_pb_column type=&#8221;1_3&#8243;][et_pb_text _builder_version=&#8221;3.0.106&#8243; background_layout=&#8221;light&#8221;]<\/p>\n<p><a href=\"https:\/\/www.youtube.com\/watch?v=2qCS-lFbBbI\"><img loading=\"lazy\" decoding=\"async\" class=\"alignnone size-full wp-image-628\" src=\"http:\/\/deporafder.org\/wp-content\/uploads\/2018\/03\/video_5_2.jpg\" alt=\"\" width=\"640\" height=\"480\" \/><\/a><\/p>\n<p>[\/et_pb_text][\/et_pb_column][et_pb_column type=&#8221;1_3&#8243;][et_pb_text _builder_version=&#8221;3.0.106&#8243; background_layout=&#8221;light&#8221;]<\/p>\n<p><a href=\"https:\/\/www.youtube.com\/watch?v=uhR-sKe_tsQ\"><img loading=\"lazy\" decoding=\"async\" class=\"alignnone size-full wp-image-628\" src=\"http:\/\/deporafder.org\/wp-content\/uploads\/2018\/03\/video_6_2.jpg\" alt=\"\" width=\"640\" height=\"480\" \/><\/a><\/p>\n<p>[\/et_pb_text][\/et_pb_column][\/et_pb_row][et_pb_row][et_pb_column type=&#8221;1_3&#8243;][et_pb_text _builder_version=&#8221;3.0.106&#8243; background_layout=&#8221;light&#8221;]<\/p>\n<p><a href=\"https:\/\/www.youtube.com\/watch?v=R9h7_govweE\"><img loading=\"lazy\" decoding=\"async\" class=\"alignnone size-full wp-image-628\" src=\"http:\/\/deporafder.org\/wp-content\/uploads\/2018\/03\/video_7_2.jpg\" alt=\"\" width=\"640\" height=\"480\" \/><\/a><\/p>\n<p>[\/et_pb_text][\/et_pb_column][et_pb_column type=&#8221;1_3&#8243;][\/et_pb_column][et_pb_column type=&#8221;1_3&#8243;][\/et_pb_column][\/et_pb_row][\/et_pb_section]<\/p>\n","protected":false},"excerpt":{"rendered":"<p>[et_pb_section bb_built=&#8221;1&#8243; _builder_version=&#8221;3.0.106&#8243; background_image=&#8221;http:\/\/deporafder.org\/wp-content\/uploads\/2018\/03\/slider_videolar.jpg&#8221; background_blend=&#8221;darken&#8221; custom_padding=&#8221;54px|0px|0|0px&#8221; top_divider_color=&#8221;rgba(12,113,195,0.75)&#8221; bottom_divider_style=&#8221;slant&#8221; bottom_divider_color=&#8221;#ffffff&#8221; bottom_divider_height=&#8221;55px&#8221; animation_style=&#8221;fade&#8221; next_background_color=&#8221;#000000&#8243;][et_pb_row _builder_version=&#8221;3.0.106&#8243; background_size=&#8221;initial&#8221; background_position=&#8221;top_left&#8221; background_repeat=&#8221;repeat&#8221;][et_pb_column type=&#8221;1_2&#8243;][et_pb_text background_layout=&#8221;dark&#8221; _builder_version=&#8221;3.0.106&#8243; text_font=&#8221;Lato||||||||&#8221; text_line_height=&#8221;2em&#8221; header_font=&#8221;Open Sans Condensed||||||||&#8221; animation_style=&#8221;fade&#8221; inline_fonts=&#8221;Overpass,Vollkorn&#8221;] videos [\/et_pb_text][\/et_pb_column][et_pb_column type=&#8221;1_2&#8243;][et_pb_text background_layout=&#8221;dark&#8221; _builder_version=&#8221;3.0.106&#8243; custom_margin=&#8221;30px|||&#8221;] Derne\u011fimizin YouTube kanal\u0131nda payla\u015ft\u0131\u011f\u0131 videolar\u0131 a\u011fa\u011f\u0131da bulabilirsiniz. L\u00fctfen abone olmay\u0131 unutmay\u0131n! [\/et_pb_text][\/et_pb_column][\/et_pb_row][\/et_pb_section][et_pb_section bb_built=&#8221;1&#8243; fullwidth=&#8221;off&#8221; specialty=&#8221;off&#8221; prev_background_color=&#8221;#000000&#8243; _builder_version=&#8221;3.0.106&#8243; animation_style=&#8221;fade&#8221;][et_pb_row][et_pb_column type=&#8221;1_3&#8243;][et_pb_text _builder_version=&#8221;3.0.106&#8243; background_layout=&#8221;light&#8221;] [\/et_pb_text][\/et_pb_column][et_pb_column type=&#8221;1_3&#8243;][et_pb_text [&hellip;]<\/p>\n","protected":false},"author":1,"featured_media":0,"parent":0,"menu_order":0,"comment_status":"closed","ping_status":"closed","template":"","meta":{"footnotes":""},"_links":{"self":[{"href":"http:\/\/deporafder.org\/en\/wp-json\/wp\/v2\/pages\/13472"}],"collection":[{"href":"http:\/\/deporafder.org\/en\/wp-json\/wp\/v2\/pages"}],"about":[{"href":"http:\/\/deporafder.org\/en\/wp-json\/wp\/v2\/types\/page"}],"author":[{"embeddable":true,"href":"http:\/\/deporafder.org\/en\/wp-json\/wp\/v2\/users\/1"}],"replies":[{"embeddable":true,"href":"http:\/\/deporafder.org\/en\/wp-json\/wp\/v2\/comments?post=13472"}],"version-history":[{"count":4,"href":"http:\/\/deporafder.org\/en\/wp-json\/wp\/v2\/pages\/13472\/revisions"}],"predecessor-version":[{"id":13534,"href":"http:\/\/deporafder.org\/en\/wp-json\/wp\/v2\/pages\/13472\/revisions\/13534"}],"wp:attachment":[{"href":"http:\/\/deporafder.org\/en\/wp-json\/wp\/v2\/media?parent=13472"}],"curies":[{"name":"wp","href":"https:\/\/api.w.org\/{rel}","templated":true}]}}