{"id":13468,"date":"2018-04-05T15:21:34","date_gmt":"2018-04-05T12:21:34","guid":{"rendered":"http:\/\/deporafder.org\/?page_id=13468"},"modified":"2018-04-05T15:23:06","modified_gmt":"2018-04-05T12:23:06","slug":"contact-us","status":"publish","type":"page","link":"http:\/\/deporafder.org\/en\/contact-us\/","title":{"rendered":"Contact Us"},"content":{"rendered":"<p>[et_pb_section bb_built=&#8221;1&#8243;][et_pb_row custom_padding=&#8221;65px|65px|65px|65px&#8221; background_color=&#8221;#ffffff&#8221; _builder_version=&#8221;3.0.106&#8243;][et_pb_column type=&#8221;1_3&#8243;][et_pb_text _builder_version=&#8221;3.0.106&#8243; inline_fonts=&#8221;Montserrat&#8221; background_layout=&#8221;light&#8221;]<\/p>\n<h2><span style=\"font-size: xx-large; font-family: Montserrat;\">Contact Us<\/span><\/h2>\n<p><span style=\"font-size: large;\">You can reach us at the address, telephone number, and email below.<\/span><\/p>\n<p>Atakent Mahallesi 221 Sokak Rota Ofice Sitesi A Blok No: 3\/A Kat:9 D: 54 K\u00fc\u00e7\u00fck\u00e7ekmece \/ \u0130STANBUL<\/p>\n<p>+90 212 470 60 15<\/p>\n<p><a href=\"&#x6d;&#x61;&#105;lt&#x6f;&#x3a;&#x69;&#110;fo&#x40;&#x64;&#x65;&#112;or&#x61;&#x66;&#x64;&#101;r&#46;&#x6f;&#x72;&#x67;\">&#x69;&#x6e;&#x66;&#x6f;&#x40;&#x64;&#x65;&#x70;&#x6f;&#x72;&#x61;&#x66;&#x64;&#x65;&#114;&#46;&#111;&#114;&#103;<\/a><\/p>\n<p>&nbsp;<\/p>\n<p>[\/et_pb_text][et_pb_social_media_follow admin_label=&#8221;Sosyal Medya&#8221; url_new_window=&#8221;off&#8221; _builder_version=&#8221;3.0.106&#8243; border_radii=&#8221;on|100%|100%|100%|100%&#8221; text_orientation=&#8221;center&#8221; custom_margin=&#8221;|||&#8221;][et_pb_social_media_follow_network social_network=&#8221;facebook&#8221; url=&#8221;https:\/\/www.facebook.com\/deporafder.deporafder.1&#8243; _builder_version=&#8221;3.0.106&#8243; background_color=&#8221;#3b5998&#8243; border_radii=&#8221;on|3px|3px|3px|3px&#8221; custom_margin_tablet=&#8221;|10px||&#8221; custom_margin_phone=&#8221;|10px||&#8221; follow_button=&#8221;off&#8221; url_new_window=&#8221;off&#8221;] facebook [\/et_pb_social_media_follow_network][et_pb_social_media_follow_network social_network=&#8221;twitter&#8221; url=&#8221;https:\/\/twitter.com\/@deporafder&#8221; _builder_version=&#8221;3.0.106&#8243; background_color=&#8221;#00aced&#8221; border_radii=&#8221;on|3px|3px|3px|3px&#8221; custom_margin_tablet=&#8221;|10px||&#8221; custom_margin_phone=&#8221;|10px||&#8221; follow_button=&#8221;off&#8221; url_new_window=&#8221;off&#8221;] twitter [\/et_pb_social_media_follow_network][et_pb_social_media_follow_network social_network=&#8221;linkedin&#8221; url=&#8221;https:\/\/www.linkedin.com\/in\/deporafder&#8221; _builder_version=&#8221;3.0.106&#8243; background_color=&#8221;#007bb6&#8243; border_radii=&#8221;on|3px|3px|3px|3px&#8221; custom_margin_tablet=&#8221;|0px||&#8221; custom_margin_phone=&#8221;|0px||&#8221; follow_button=&#8221;off&#8221; url_new_window=&#8221;off&#8221;] linkedin [\/et_pb_social_media_follow_network][et_pb_social_media_follow_network social_network=&#8221;instagram&#8221; url=&#8221;https:\/\/www.instagram.com\/deporafder\/&#8221; _builder_version=&#8221;3.0.106&#8243; background_color=&#8221;#ea2c59&#8243; border_radii=&#8221;on|3px|3px|3px|3px&#8221; follow_button=&#8221;off&#8221; url_new_window=&#8221;off&#8221;] Instagram [\/et_pb_social_media_follow_network][et_pb_social_media_follow_network social_network=&#8221;youtube&#8221; url=&#8221;https:\/\/www.youtube.com\/channel\/UCU9KykRlasbr_WkuLWi1-Ig&#8221; _builder_version=&#8221;3.0.106&#8243; background_color=&#8221;#a82400&#8243; border_radii=&#8221;on|3px|3px|3px|3px&#8221; follow_button=&#8221;off&#8221; url_new_window=&#8221;off&#8221;] Youtube [\/et_pb_social_media_follow_network][\/et_pb_social_media_follow][\/et_pb_column][et_pb_column type=&#8221;2_3&#8243;][et_pb_contact_form admin_label=&#8221;\u0130leti\u015fim Formu&#8221; submit_button_text=&#8221;Send&#8221; form_background_color=&#8221;rgba(255,255,255,0)&#8221; module_id=&#8221;et_pb_contact_form_1&#8243; _builder_version=&#8221;3.0.106&#8243; title_font=&#8221;Montserrat||||&#8221; title_font_size=&#8221;22px&#8221; border_width_all=&#8221;1px&#8221; border_color_all=&#8221;rgba(0,0,0,0.12)&#8221; custom_button=&#8221;on&#8221; button_text_size=&#8221;18px&#8221; button_text_color=&#8221;#ffffff&#8221; button_bg_color=&#8221;#6eba01&#8243; button_border_color=&#8221;#6eba01&#8243; button_border_radius=&#8221;0px&#8221; button_letter_spacing=&#8221;2px&#8221; button_font=&#8221;Montserrat|||on|&#8221; button_use_icon=&#8221;off&#8221; button_text_color_hover=&#8221;#6eba01&#8243; button_bg_color_hover=&#8221;rgba(0,0,0,0)&#8221; button_border_color_hover=&#8221;#6eba01&#8243; button_border_radius_hover=&#8221;0px&#8221; button_letter_spacing_hover=&#8221;2px&#8221; animation_style=&#8221;fade&#8221; animation_direction=&#8221;bottom&#8221; use_border_color=&#8221;on&#8221; captcha=&#8221;on&#8221; use_redirect=&#8221;off&#8221; button_icon_placement=&#8221;right&#8221;][et_pb_contact_field field_id=&#8221;\u0130sim&#8221; field_title=&#8221;Name&#8221; fullwidth_field=&#8221;on&#8221; _builder_version=&#8221;3.0.106&#8243; field_type=&#8221;input&#8221; checkbox_checked=&#8221;off&#8221; checkbox_options=&#8221;%91{%22value%22:%22\u0130sim%22,%22checked%22:0}%93&#8243; radio_options=&#8221;%91{%22value%22:%22\u0130sim%22,%22checked%22:0}%93&#8243; select_options=&#8221;%91{%22value%22:%22\u0130sim%22,%22checked%22:0}%93&#8243; min_length=&#8221;0&#8243; max_length=&#8221;0&#8243; allowed_symbols=&#8221;all&#8221; required_mark=&#8221;on&#8221; conditional_logic=&#8221;off&#8221; conditional_logic_relation=&#8221;off&#8221; conditional_logic_rules=&#8221;%91{%22field%22:%22e-posta%22,%22condition%22:%22is%22,%22value%22:%22%22}%93&#8243; use_background_color_gradient=&#8221;off&#8221; background_color_gradient_start=&#8221;#2b87da&#8221; background_color_gradient_end=&#8221;#29c4a9&#8243; background_color_gradient_type=&#8221;linear&#8221; background_color_gradient_direction=&#8221;180deg&#8221; background_color_gradient_direction_radial=&#8221;center&#8221; background_color_gradient_start_position=&#8221;0%&#8221; background_color_gradient_end_position=&#8221;100%&#8221; background_color_gradient_overlays_image=&#8221;off&#8221; parallax=&#8221;off&#8221; parallax_method=&#8221;on&#8221; background_size=&#8221;cover&#8221; background_position=&#8221;center&#8221; background_repeat=&#8221;no-repeat&#8221; background_blend=&#8221;normal&#8221; allow_player_pause=&#8221;off&#8221; background_video_pause_outside_viewport=&#8221;on&#8221; form_field_text_shadow_style=&#8221;none&#8221; box_shadow_style=&#8221;none&#8221; \/][et_pb_contact_field field_id=&#8221;E-Posta&#8221; field_title=&#8221;eMail&#8221; field_type=&#8221;email&#8221; fullwidth_field=&#8221;on&#8221; _builder_version=&#8221;3.0.106&#8243; checkbox_checked=&#8221;off&#8221; checkbox_options=&#8221;%91{%22value%22:%22E-Posta%22,%22checked%22:0}%93&#8243; radio_options=&#8221;%91{%22value%22:%22E-Posta%22,%22checked%22:0}%93&#8243; select_options=&#8221;%91{%22value%22:%22E-Posta%22,%22checked%22:0}%93&#8243; min_length=&#8221;0&#8243; max_length=&#8221;0&#8243; allowed_symbols=&#8221;all&#8221; required_mark=&#8221;on&#8221; conditional_logic=&#8221;off&#8221; conditional_logic_relation=&#8221;off&#8221; conditional_logic_rules=&#8221;%91{%22field%22:%22i\u0307sim%22,%22condition%22:%22is%22,%22value%22:%22%22}%93&#8243; use_background_color_gradient=&#8221;off&#8221; background_color_gradient_start=&#8221;#2b87da&#8221; background_color_gradient_end=&#8221;#29c4a9&#8243; background_color_gradient_type=&#8221;linear&#8221; background_color_gradient_direction=&#8221;180deg&#8221; background_color_gradient_direction_radial=&#8221;center&#8221; background_color_gradient_start_position=&#8221;0%&#8221; background_color_gradient_end_position=&#8221;100%&#8221; background_color_gradient_overlays_image=&#8221;off&#8221; parallax=&#8221;off&#8221; parallax_method=&#8221;on&#8221; background_size=&#8221;cover&#8221; background_position=&#8221;center&#8221; background_repeat=&#8221;no-repeat&#8221; background_blend=&#8221;normal&#8221; allow_player_pause=&#8221;off&#8221; background_video_pause_outside_viewport=&#8221;on&#8221; form_field_text_shadow_style=&#8221;none&#8221; box_shadow_style=&#8221;none&#8221; \/][et_pb_contact_field field_id=&#8221;Mesaj&#8221; field_title=&#8221;Message&#8221; field_type=&#8221;text&#8221; fullwidth_field=&#8221;on&#8221; _builder_version=&#8221;3.0.106&#8243; checkbox_checked=&#8221;off&#8221; checkbox_options=&#8221;%91{%22value%22:%22Mesaj%22,%22checked%22:0}%93&#8243; radio_options=&#8221;%91{%22value%22:%22Mesaj%22,%22checked%22:0}%93&#8243; select_options=&#8221;%91{%22value%22:%22Mesaj%22,%22checked%22:0}%93&#8243; min_length=&#8221;0&#8243; max_length=&#8221;0&#8243; allowed_symbols=&#8221;all&#8221; required_mark=&#8221;on&#8221; conditional_logic=&#8221;off&#8221; conditional_logic_relation=&#8221;off&#8221; conditional_logic_rules=&#8221;%91{%22field%22:%22i\u0307sim%22,%22condition%22:%22is%22,%22value%22:%22%22}%93&#8243; use_background_color_gradient=&#8221;off&#8221; background_color_gradient_start=&#8221;#2b87da&#8221; background_color_gradient_end=&#8221;#29c4a9&#8243; background_color_gradient_type=&#8221;linear&#8221; background_color_gradient_direction=&#8221;180deg&#8221; background_color_gradient_direction_radial=&#8221;center&#8221; background_color_gradient_start_position=&#8221;0%&#8221; background_color_gradient_end_position=&#8221;100%&#8221; background_color_gradient_overlays_image=&#8221;off&#8221; parallax=&#8221;off&#8221; parallax_method=&#8221;on&#8221; background_size=&#8221;cover&#8221; background_position=&#8221;center&#8221; background_repeat=&#8221;no-repeat&#8221; background_blend=&#8221;normal&#8221; allow_player_pause=&#8221;off&#8221; background_video_pause_outside_viewport=&#8221;on&#8221; form_field_text_shadow_style=&#8221;none&#8221; box_shadow_style=&#8221;none&#8221; \/][\/et_pb_contact_form][\/et_pb_column][\/et_pb_row][\/et_pb_section]<\/p>\n","protected":false},"excerpt":{"rendered":"<p>[et_pb_section bb_built=&#8221;1&#8243;][et_pb_row custom_padding=&#8221;65px|65px|65px|65px&#8221; background_color=&#8221;#ffffff&#8221; _builder_version=&#8221;3.0.106&#8243;][et_pb_column type=&#8221;1_3&#8243;][et_pb_text _builder_version=&#8221;3.0.106&#8243; inline_fonts=&#8221;Montserrat&#8221; background_layout=&#8221;light&#8221;] Contact Us You can reach us at the address, telephone number, and email below. Atakent Mahallesi 221 Sokak Rota Ofice Sitesi A Blok No: 3\/A Kat:9 D: 54 K\u00fc\u00e7\u00fck\u00e7ekmece \/ \u0130STANBUL +90 212 470 60 15 i&#x6e;&#x66;o&#64;&#x64;e&#112;&#x6f;r&#97;&#x66;de&#x72;&#x2e;o&#x72;&#x67; &nbsp; [\/et_pb_text][et_pb_social_media_follow admin_label=&#8221;Sosyal Medya&#8221; url_new_window=&#8221;off&#8221; _builder_version=&#8221;3.0.106&#8243; border_radii=&#8221;on|100%|100%|100%|100%&#8221; text_orientation=&#8221;center&#8221; custom_margin=&#8221;|||&#8221;][et_pb_social_media_follow_network [&hellip;]<\/p>\n","protected":false},"author":1,"featured_media":0,"parent":0,"menu_order":0,"comment_status":"closed","ping_status":"closed","template":"","meta":{"footnotes":""},"_links":{"self":[{"href":"http:\/\/deporafder.org\/en\/wp-json\/wp\/v2\/pages\/13468"}],"collection":[{"href":"http:\/\/deporafder.org\/en\/wp-json\/wp\/v2\/pages"}],"about":[{"href":"http:\/\/deporafder.org\/en\/wp-json\/wp\/v2\/types\/page"}],"author":[{"embeddable":true,"href":"http:\/\/deporafder.org\/en\/wp-json\/wp\/v2\/users\/1"}],"replies":[{"embeddable":true,"href":"http:\/\/deporafder.org\/en\/wp-json\/wp\/v2\/comments?post=13468"}],"version-history":[{"count":6,"href":"http:\/\/deporafder.org\/en\/wp-json\/wp\/v2\/pages\/13468\/revisions"}],"predecessor-version":[{"id":13489,"href":"http:\/\/deporafder.org\/en\/wp-json\/wp\/v2\/pages\/13468\/revisions\/13489"}],"wp:attachment":[{"href":"http:\/\/deporafder.org\/en\/wp-json\/wp\/v2\/media?parent=13468"}],"curies":[{"name":"wp","href":"https:\/\/api.w.org\/{rel}","templated":true}]}}