{"id":13467,"date":"2018-04-05T12:07:21","date_gmt":"2018-04-05T09:07:21","guid":{"rendered":"http:\/\/deporafder.org\/?page_id=13467"},"modified":"2020-07-02T22:04:48","modified_gmt":"2020-07-02T19:04:48","slug":"about-us","status":"publish","type":"page","link":"http:\/\/deporafder.org\/en\/about-us\/","title":{"rendered":"About Us"},"content":{"rendered":"<p>[et_pb_section bb_built=&#8221;1&#8243; _builder_version=&#8221;3.0.106&#8243; background_image=&#8221;http:\/\/deporafder.org\/wp-content\/uploads\/2018\/03\/slider_1_c.jpg&#8221; background_blend=&#8221;darken&#8221; custom_padding=&#8221;54px|0px|0|0px&#8221; top_divider_color=&#8221;rgba(12,113,195,0.75)&#8221; bottom_divider_style=&#8221;slant&#8221; bottom_divider_color=&#8221;#ffffff&#8221; bottom_divider_height=&#8221;55px&#8221; animation_style=&#8221;fade&#8221; next_background_color=&#8221;#ffffff&#8221;][et_pb_row _builder_version=&#8221;3.0.106&#8243; background_size=&#8221;initial&#8221; background_position=&#8221;top_left&#8221; background_repeat=&#8221;repeat&#8221; custom_css_main_element=&#8221;line-weight: 100;&#8221;][et_pb_column type=&#8221;1_2&#8243;][et_pb_text background_layout=&#8221;dark&#8221; _builder_version=&#8221;3.0.106&#8243; text_font=&#8221;Lato||||||||&#8221; text_line_height=&#8221;2em&#8221; header_font=&#8221;Open Sans Condensed||||||||&#8221; animation_style=&#8221;fade&#8221; inline_fonts=&#8221;Overpass,Vollkorn&#8221;]<\/p>\n<h1>about us<\/h1>\n<p>[\/et_pb_text][\/et_pb_column][et_pb_column type=&#8221;1_2&#8243;][et_pb_text background_layout=&#8221;dark&#8221; _builder_version=&#8221;3.0.106&#8243; text_line_height=&#8221;2em&#8221; custom_margin=&#8221;||50px|&#8221; custom_css_main_element=&#8221;line-height: 1.5;&#8221; inline_fonts=&#8221;Cardo&#8221;]<\/p>\n<h4>DEPORAFDER is an independent non-profit legal association in Turkey specialized in industrial storage racking systems. The association has a vision to provide a platform for both user and supplier companies of storage racking systems (SRS) in Turkey with the aim of promoting the efficient design and use of all types and sizes of storage systems from conventional pallet racks to fully automated high rise AS-RS rack systems.<\/h4>\n<p>&nbsp;<\/p>\n<p>[\/et_pb_text][\/et_pb_column][\/et_pb_row][\/et_pb_section][et_pb_section bb_built=&#8221;1&#8243; next_background_color=&#8221;#9b0b06&#8243; _builder_version=&#8221;3.0.106&#8243; module_alignment=&#8221;center&#8221; custom_padding=&#8221;-500px||-100px|&#8221; top_divider_height=&#8221;60px&#8221; bottom_divider_style=&#8221;slant&#8221; bottom_divider_height=&#8221;50px&#8221; animation_style=&#8221;fade&#8221; prev_background_color=&#8221;#000000&#8243;][et_pb_row custom_padding=&#8221;10px|0px|50px|0px&#8221; _builder_version=&#8221;3.2.1&#8243; background_size=&#8221;initial&#8221; background_position=&#8221;top_left&#8221; background_repeat=&#8221;repeat&#8221; animation_style=&#8221;fade&#8221;][et_pb_column type=&#8221;4_4&#8243;][et_pb_text _builder_version=&#8221;3.0.106&#8243;]<\/p>\n<p>DEPORAFDER is an independent non-profit legal association in Turkey specialized in industrial storage racking systems. The association has a vision to provide a platform for both user and supplier companies of storage racking systems (SRS) in Turkey with the aim of promoting the efficient design and use of all types and sizes of storage systems from conventional pallet racks to fully automated high rise AS-RS rack systems.<\/p>\n<p>Turkey is a developing country with a growing economy. The production and export rates of Turkish companies are at competitive levels compared with most of the countries in the region. Within this context, logistics sector has always been very dynamic and SRS sector plays a very key role in the logistics supply chain. Therefore we believe that the association has a very critical role to play for the benefit of its member companies. With this respect we have prepared an action plan which includes projects and activities targetted towards the solution of real problems and the betterment of the existing general condition of the SRS industry in Turkey.<\/p>\n<blockquote>\n<h5>We also have a vision to participate and contribute to the projects carried out especially in the European zone including particularly research and development activites of the European Racking Federation (ERF) and the American Rack Manufacturers Institute (RMI).<\/h5>\n<\/blockquote>\n<p>Based on the experience and observations of the founding members of the association and advice given by related authorities the association aims to serve the five main sector shareholders namely SRS users, suppliers, assemblers, recyclers and resellers A number of technical committees were establised as channels to serve the above groups. The committees include academic people from universities (national and international) as well as experienced people from the SRS industry. As DEPORAFDER, we have a strong belief that the commitment of the association with its official organs will play a significant role in the betterment of the national storage and storage racking industry.<\/p>\n<p>[\/et_pb_text][\/et_pb_column][\/et_pb_row][\/et_pb_section][et_pb_section bb_built=&#8221;1&#8243; background_color=&#8221;#9b0b06&#8243; _builder_version=&#8221;3.0.106&#8243; animation_style=&#8221;fade&#8221; prev_background_color=&#8221;#ffffff&#8221; next_background_color=&#8221;#ffffff&#8221;][et_pb_row custom_padding=&#8221;0|0px|27px|0px&#8221; make_equal=&#8221;on&#8221; _builder_version=&#8221;3.0.106&#8243; background_size=&#8221;initial&#8221; background_position=&#8221;top_left&#8221; background_repeat=&#8221;repeat&#8221;][et_pb_column type=&#8221;1_4&#8243;][et_pb_image src=&#8221;http:\/\/deporafder.org\/wp-content\/uploads\/2018\/03\/target.png&#8221; _builder_version=&#8221;3.0.106&#8243; animation_style=&#8221;fade&#8221; \/][\/et_pb_column][et_pb_column type=&#8221;3_4&#8243;][et_pb_text admin_label=&#8221;Vizyon&#8221; background_layout=&#8221;dark&#8221; _builder_version=&#8221;3.0.106&#8243;]<\/p>\n<p>&nbsp;<\/p>\n<h3>Vision<\/h3>\n<p>On behalf of all the shareholders, contribute to the improvement of both quality and sector recognition within the Industrial Storage Racking Systems sector in Turkey. Contribute to generating a more positive image of the national SRS supplier companies both nationwide and worldwide. Form the basis for standardization in the sector which would result in storage rack systems produced according to modern codes of practice with increased quality, durability and safety.<\/p>\n<p>&nbsp;<\/p>\n<p>[\/et_pb_text][\/et_pb_column][\/et_pb_row][et_pb_row make_equal=&#8221;on&#8221; _builder_version=&#8221;3.0.106&#8243; background_size=&#8221;initial&#8221; background_position=&#8221;top_left&#8221; background_repeat=&#8221;repeat&#8221;][et_pb_column type=&#8221;1_4&#8243;][et_pb_image src=&#8221;http:\/\/deporafder.org\/wp-content\/uploads\/2018\/03\/binoculars.png&#8221; _builder_version=&#8221;3.0.106&#8243; animation_style=&#8221;fade&#8221; \/][\/et_pb_column][et_pb_column type=&#8221;3_4&#8243;][et_pb_text admin_label=&#8221;Misyon&#8221; background_layout=&#8221;dark&#8221; _builder_version=&#8221;3.0.106&#8243;]<\/p>\n<p>&nbsp;<\/p>\n<h3>Mission<\/h3>\n<p>Provide a shared platform for the main actors of the sector including the SRS users, suppliers, installers, recyclers and resellers where they can discuss and share the real problems and views about the sector so as to come up with solutions that would lead to betterment of the sector in terms of quality and sustainability. Promote and encourage the use of up-to-date standards among the sector shareholders such that highest quality outcomes are achieved particularly for the SRS user companies.<\/p>\n<p>&nbsp;<\/p>\n<p>[\/et_pb_text][\/et_pb_column][\/et_pb_row][\/et_pb_section][et_pb_section bb_built=&#8221;1&#8243; prev_background_color=&#8221;#9b0b06&#8243; _builder_version=&#8221;3.0.106&#8243; custom_padding=&#8221;20px|0px|54px|0px&#8221; top_divider_style=&#8221;slant&#8221; top_divider_height=&#8221;55px&#8221; next_background_color=&#8221;#000000&#8243;][et_pb_row custom_padding=&#8221;60px|0px|0|0px&#8221; _builder_version=&#8221;3.0.106&#8243; background_size=&#8221;initial&#8221; background_position=&#8221;top_left&#8221; background_repeat=&#8221;repeat&#8221; animation_style=&#8221;fade&#8221;][et_pb_column type=&#8221;1_2&#8243;][et_pb_text _builder_version=&#8221;3.2.1&#8243; text_font=&#8221;Montserrat||||||||&#8221; animation_style=&#8221;fade&#8221;]<\/p>\n<h3>Executive Board<\/h3>\n<p>[\/et_pb_text][et_pb_divider color=&#8221;rgba(128,33,13,0.7)&#8221; show_divider=&#8221;on&#8221; _builder_version=&#8221;3.0.106&#8243; animation_style=&#8221;fade&#8221; \/][et_pb_text _builder_version=&#8221;3.2.1&#8243; animation_style=&#8221;fade&#8221;]<\/p>\n<ul>\n<li>Aziz DA\u011e (Chairman of the Board)<\/li>\n<li>Veysel DA\u011e (Vice Chairman of the Management Board)<\/li>\n<li>\u00d6nder AYDO\u011eAN (Secretary General)<\/li>\n<li>Yunus EMER (Secretary)<\/li>\n<li>Kenan DEM\u0130RTA\u015e (Deputy Secretary)<\/li>\n<li>Erhan \u00d6ZKAN (comptroller)<\/li>\n<li>Ta\u015fk\u0131n TOPUKSAL (Member)<\/li>\n<li>Bar\u0131\u015f DURAK (Replacement Member)<\/li>\n<li>Muhammet \u015eerif Y\u00dcCE(Replacement Member)<\/li>\n<li>Ali YILDIRIM(Replacement Member)<\/li>\n<li>Kaz\u0131m Karabekir B\u00dcY\u00dcK\u00dcNAL(Replacement Member)<\/li>\n<li>Aynur DA\u011e(Replacement Member)<\/li>\n<li>Tar\u0131k Alp KARAKAYA(Replacement Member)<\/li>\n<li>Yasemin DA\u011e(Replacement Member)<\/li>\n<li>Mehmet DA\u011e (Chairman of the Supervisory Board)<\/li>\n<li>Kadir KILI\u00c7 (Vice Chairman of the Supervisory Board)<\/li>\n<li>Mehmet Salih DEDE (Member of the Supervisory Board)<\/li>\n<li>Mete D\u0130N\u00c7(Replacement Member of the Supervisory Board)<\/li>\n<li>Yasin \u00c7ALI\u015eIR(Replacement Member of the Supervisory Board)<\/li>\n<li>Erkan G\u00dcLER(Replacement Member of the Supervisory Board)<\/li>\n<\/ul>\n<p>&nbsp;<\/p>\n<p>[\/et_pb_text][\/et_pb_column][et_pb_column type=&#8221;1_2&#8243;][et_pb_text _builder_version=&#8221;3.0.106&#8243; text_font=&#8221;Montserrat||||||||&#8221; animation_style=&#8221;fade&#8221;]<\/p>\n<h3>Advisory Board<\/h3>\n<p>[\/et_pb_text][et_pb_divider color=&#8221;rgba(128,33,13,0.7)&#8221; show_divider=&#8221;on&#8221; _builder_version=&#8221;3.0.106&#8243; animation_style=&#8221;fade&#8221; \/][et_pb_text _builder_version=&#8221;3.2.1&#8243; animation_style=&#8221;fade&#8221;]<\/p>\n<ul>\n<li>Prof. Dr. Y\u0131lmaz Tapt\u0131k<\/li>\n<li>Prof. Dr. Ziya Abdulaliyev<\/li>\n<li>Prof. Dr. \u015eenol Atao\u011flu<\/li>\n<li>Do\u00e7. Dr. Kadir \u00d6zakg\u00fcl<\/li>\n<li>Do\u00e7. Dr. Osman Bulut<\/li>\n<li>Dr. Murat Tosun<\/li>\n<li>Dr. Barbaros H\u00fcsn\u00fc Soyer<\/li>\n<\/ul>\n<p>[\/et_pb_text][\/et_pb_column][\/et_pb_row][et_pb_row custom_padding=&#8221;20px|0px|0|0px&#8221; _builder_version=&#8221;3.0.47&#8243; background_size=&#8221;initial&#8221; background_position=&#8221;top_left&#8221; background_repeat=&#8221;repeat&#8221;][et_pb_column type=&#8221;4_4&#8243;][et_pb_text _builder_version=&#8221;3.0.106&#8243; text_font=&#8221;Montserrat||||||||&#8221; animation_style=&#8221;fade&#8221;]<\/p>\n<h3>Advisory Board<\/h3>\n<p>&nbsp;<\/p>\n<p>[\/et_pb_text][et_pb_divider color=&#8221;rgba(128,33,13,0.7)&#8221; show_divider=&#8221;on&#8221; _builder_version=&#8221;3.2.1&#8243; animation_style=&#8221;fade&#8221; \/][\/et_pb_column][\/et_pb_row][et_pb_row custom_padding=&#8221;0|0px|27px|0px&#8221; _builder_version=&#8221;3.0.106&#8243; background_size=&#8221;initial&#8221; background_position=&#8221;top_left&#8221; background_repeat=&#8221;repeat&#8221; module_alignment=&#8221;center&#8221; animation_style=&#8221;fade&#8221;][et_pb_column type=&#8221;1_2&#8243;][et_pb_text _builder_version=&#8221;3.2.1&#8243;]<\/p>\n<ul>\n<li>Aziz DA\u011e, Mechanical Engineer<\/li>\n<li>Erkan G\u00dcLER, Assembly<\/li>\n<li>Mehmet DA\u011e, Geological Engineer<\/li>\n<li>\u00d6nder AYDO\u011eAN, Operating<\/li>\n<li>Kadir KILI\u00c7, Working Economy<\/li>\n<li>Yasin \u00c7ALI\u015eIR, Machine Drawing Construction<\/li>\n<li>Veysel DA\u011e, Civil Engineer<\/li>\n<li>Bar\u0131\u015f DURAK, Electrical Engineer<\/li>\n<li>Mehmet Salih DEDE, Electrical Electronics Engineer<\/li>\n<\/ul>\n<p>[\/et_pb_text][\/et_pb_column][et_pb_column type=&#8221;1_2&#8243;][et_pb_text _builder_version=&#8221;3.2.1&#8243; custom_margin=&#8221;|||&#8221;]<\/p>\n<ul>\n<li>Yunus EMER, Physics Teacher<\/li>\n<li>Tar\u0131k Alp KARAKAYA, Civil Engineer<\/li>\n<li>Ali YILDIRIM, Computer Engineer<\/li>\n<li>Aynur DA\u011e, German Teacher<\/li>\n<li>Kaz\u0131m Karabekir B\u00dcY\u00dcK\u00dcNAL, Mechanical Engineer<\/li>\n<li>Erhan \u00d6ZKAN, Chemist<\/li>\n<li>Muhammet \u015eerif Y\u00fcce, Topographical Engineer<\/li>\n<li>Mete D\u0130N\u00c7, Economy<\/li>\n<\/ul>\n<p>[\/et_pb_text][\/et_pb_column][\/et_pb_row][\/et_pb_section][et_pb_section bb_built=&#8221;1&#8243; _builder_version=&#8221;3.0.106&#8243; custom_padding=&#8221;0|0px|0|0px&#8221; top_divider_style=&#8221;slant&#8221; top_divider_color=&#8221;#ffffff&#8221; top_divider_height=&#8221;30px&#8221; top_divider_arrangement=&#8221;above_content&#8221; prev_background_color=&#8221;#000000&#8243;][et_pb_row use_custom_width=&#8221;on&#8221; width_unit=&#8221;off&#8221; custom_width_percent=&#8221;100%&#8221; use_custom_gutter=&#8221;on&#8221; gutter_width=&#8221;1&#8243; custom_padding=&#8221;0px||0px|&#8221; make_equal=&#8221;on&#8221; background_color_2=&#8221;rgba(255,170,0,0.12)&#8221; bg_img_1=&#8221;http:\/\/deporafder.org\/wp-content\/uploads\/2018\/03\/brusur_mockup.jpg&#8221; padding_top_2=&#8221;10%&#8221; padding_right_2=&#8221;8%&#8221; padding_bottom_2=&#8221;10%&#8221; padding_left_2=&#8221;8%&#8221; background_blend_1=&#8221;overlay&#8221; _builder_version=&#8221;3.0.106&#8243; animation_style=&#8221;fade&#8221;][et_pb_column type=&#8221;1_2&#8243;][\/et_pb_column][et_pb_column type=&#8221;1_2&#8243;][et_pb_text _builder_version=&#8221;3.0.106&#8243; custom_margin=&#8221;||30px|&#8221; inline_fonts=&#8221;Montserrat&#8221;]<\/p>\n<p>&nbsp;<\/p>\n<h2 class=\"et_pb_module_header\"><span style=\"font-size: xx-large; font-family: Montserrat;\">Brochure<\/span><\/h2>\n<p>Derne\u011fimizin bro\u015f\u00fcr\u00fcnden ald\u0131n\u0131z m\u0131? Almad\u0131ysan\u0131z bro\u015f\u00fcr\u00fcm\u00fcz\u00fc PDF format\u0131nda indirebilir ya da ileti\u015fime ge\u00e7erek adresinize postalamam\u0131z\u0131 isteyebilirsiniz.<\/p>\n<p>&nbsp;<\/p>\n<p>[\/et_pb_text][et_pb_button admin_label=&#8221;Download&#8221; button_url=&#8221;http:\/\/deporafder.org\/wp-content\/uploads\/2018\/04\/brochure_a4-2-en_s.pdf&#8221; url_new_window=&#8221;on&#8221; button_text=&#8221;Download&#8221; background_layout=&#8221;dark&#8221; _builder_version=&#8221;3.1.1&#8243; custom_margin=&#8221;|||&#8221; custom_padding=&#8221;|||&#8221; custom_button=&#8221;on&#8221; button_bg_color=&#8221;#7cda24&#8243; button_border_width=&#8221;0px&#8221; \/][\/et_pb_column][\/et_pb_row][\/et_pb_section]<\/p>\n","protected":false},"excerpt":{"rendered":"<p>[et_pb_section bb_built=&#8221;1&#8243; _builder_version=&#8221;3.0.106&#8243; background_image=&#8221;http:\/\/deporafder.org\/wp-content\/uploads\/2018\/03\/slider_1_c.jpg&#8221; background_blend=&#8221;darken&#8221; custom_padding=&#8221;54px|0px|0|0px&#8221; top_divider_color=&#8221;rgba(12,113,195,0.75)&#8221; bottom_divider_style=&#8221;slant&#8221; bottom_divider_color=&#8221;#ffffff&#8221; bottom_divider_height=&#8221;55px&#8221; animation_style=&#8221;fade&#8221; next_background_color=&#8221;#ffffff&#8221;][et_pb_row _builder_version=&#8221;3.0.106&#8243; background_size=&#8221;initial&#8221; background_position=&#8221;top_left&#8221; background_repeat=&#8221;repeat&#8221; custom_css_main_element=&#8221;line-weight: 100;&#8221;][et_pb_column type=&#8221;1_2&#8243;][et_pb_text background_layout=&#8221;dark&#8221; _builder_version=&#8221;3.0.106&#8243; text_font=&#8221;Lato||||||||&#8221; text_line_height=&#8221;2em&#8221; header_font=&#8221;Open Sans Condensed||||||||&#8221; animation_style=&#8221;fade&#8221; inline_fonts=&#8221;Overpass,Vollkorn&#8221;] about us [\/et_pb_text][\/et_pb_column][et_pb_column type=&#8221;1_2&#8243;][et_pb_text background_layout=&#8221;dark&#8221; _builder_version=&#8221;3.0.106&#8243; text_line_height=&#8221;2em&#8221; custom_margin=&#8221;||50px|&#8221; custom_css_main_element=&#8221;line-height: 1.5;&#8221; inline_fonts=&#8221;Cardo&#8221;] DEPORAFDER is an independent non-profit legal association in Turkey specialized in industrial storage racking systems. The [&hellip;]<\/p>\n","protected":false},"author":1,"featured_media":0,"parent":0,"menu_order":0,"comment_status":"closed","ping_status":"closed","template":"","meta":{"footnotes":""},"_links":{"self":[{"href":"http:\/\/deporafder.org\/en\/wp-json\/wp\/v2\/pages\/13467"}],"collection":[{"href":"http:\/\/deporafder.org\/en\/wp-json\/wp\/v2\/pages"}],"about":[{"href":"http:\/\/deporafder.org\/en\/wp-json\/wp\/v2\/types\/page"}],"author":[{"embeddable":true,"href":"http:\/\/deporafder.org\/en\/wp-json\/wp\/v2\/users\/1"}],"replies":[{"embeddable":true,"href":"http:\/\/deporafder.org\/en\/wp-json\/wp\/v2\/comments?post=13467"}],"version-history":[{"count":14,"href":"http:\/\/deporafder.org\/en\/wp-json\/wp\/v2\/pages\/13467\/revisions"}],"predecessor-version":[{"id":13665,"href":"http:\/\/deporafder.org\/en\/wp-json\/wp\/v2\/pages\/13467\/revisions\/13665"}],"wp:attachment":[{"href":"http:\/\/deporafder.org\/en\/wp-json\/wp\/v2\/media?parent=13467"}],"curies":[{"name":"wp","href":"https:\/\/api.w.org\/{rel}","templated":true}]}}